{"id":740,"date":"2025-09-15T10:23:53","date_gmt":"2025-09-15T08:23:53","guid":{"rendered":"http:\/\/domachoc.com\/?post_type=product&#038;p=740"},"modified":"2025-09-15T10:38:43","modified_gmt":"2025-09-15T08:38:43","slug":"table-tournante-a-truffes","status":"publish","type":"product","link":"https:\/\/domachoc.com\/index.php\/produit\/table-tournante-a-truffes\/","title":{"rendered":"Table tournante \u00e0 truffes"},"content":{"rendered":"","protected":false},"excerpt":{"rendered":"<p><span data-sheets-root=\"1\">Table pour r\u00e9ception et finition Truffes<\/span><\/p>\n<p><span data-sheets-root=\"1\">Table tournante pour truffes d\u2019un diam\u00e8tre de 90 cm, \u00e9quip\u00e9e d\u2019un moteur ind\u00e9pendant. Elle est con\u00e7ue pour la fabrication truffes. Livr\u00e9e avec une grille sp\u00e9ciale de 36 cm.<\/span><\/p>\n","protected":false},"featured_media":738,"template":"","meta":[],"product_brand":[],"product_cat":[50,58],"product_tag":[],"class_list":{"0":"post-740","1":"product","2":"type-product","3":"status-publish","4":"has-post-thumbnail","6":"product_cat-accessoires","7":"product_cat-lcm","9":"first","10":"instock","11":"virtual","12":"product-type-simple"},"_links":{"self":[{"href":"https:\/\/domachoc.com\/index.php\/wp-json\/wp\/v2\/product\/740","targetHints":{"allow":["GET"]}}],"collection":[{"href":"https:\/\/domachoc.com\/index.php\/wp-json\/wp\/v2\/product"}],"about":[{"href":"https:\/\/domachoc.com\/index.php\/wp-json\/wp\/v2\/types\/product"}],"wp:featuredmedia":[{"embeddable":true,"href":"https:\/\/domachoc.com\/index.php\/wp-json\/wp\/v2\/media\/738"}],"wp:attachment":[{"href":"https:\/\/domachoc.com\/index.php\/wp-json\/wp\/v2\/media?parent=740"}],"wp:term":[{"taxonomy":"product_brand","embeddable":true,"href":"https:\/\/domachoc.com\/index.php\/wp-json\/wp\/v2\/product_brand?post=740"},{"taxonomy":"product_cat","embeddable":true,"href":"https:\/\/domachoc.com\/index.php\/wp-json\/wp\/v2\/product_cat?post=740"},{"taxonomy":"product_tag","embeddable":true,"href":"https:\/\/domachoc.com\/index.php\/wp-json\/wp\/v2\/product_tag?post=740"}],"curies":[{"name":"wp","href":"https:\/\/api.w.org\/{rel}","templated":true}]}}