{"id":727,"date":"2025-09-15T10:11:11","date_gmt":"2025-09-15T08:11:11","guid":{"rendered":"http:\/\/domachoc.com\/?post_type=product&#038;p=727"},"modified":"2025-09-15T10:11:57","modified_gmt":"2025-09-15T08:11:57","slug":"tuyaux-chauffants-chocolat","status":"publish","type":"product","link":"https:\/\/domachoc.com\/index.php\/produit\/tuyaux-chauffants-chocolat\/","title":{"rendered":"Tuyaux chauffants chocolat"},"content":{"rendered":"","protected":false},"excerpt":{"rendered":"<p><span data-sheets-root=\"1\">Syst\u00e8me pour chauffer les conduites de chocolat.<\/p>\n<p>Si vous ne disposez pas de suffisamment de place pour installer un fondoir \u00e0 proximit\u00e9 directe de la machine proc\u00e9dant au traitement, l\u2019utilisation d\u2019un syst\u00e8me de tuyaux chauffants pourrait \u00eatre une solution envisageable.<\/span><\/p>\n","protected":false},"featured_media":728,"template":"","meta":[],"product_brand":[],"product_cat":[50,58],"product_tag":[],"class_list":{"0":"post-727","1":"product","2":"type-product","3":"status-publish","4":"has-post-thumbnail","6":"product_cat-accessoires","7":"product_cat-lcm","9":"first","10":"instock","11":"virtual","12":"product-type-simple"},"_links":{"self":[{"href":"https:\/\/domachoc.com\/index.php\/wp-json\/wp\/v2\/product\/727","targetHints":{"allow":["GET"]}}],"collection":[{"href":"https:\/\/domachoc.com\/index.php\/wp-json\/wp\/v2\/product"}],"about":[{"href":"https:\/\/domachoc.com\/index.php\/wp-json\/wp\/v2\/types\/product"}],"wp:featuredmedia":[{"embeddable":true,"href":"https:\/\/domachoc.com\/index.php\/wp-json\/wp\/v2\/media\/728"}],"wp:attachment":[{"href":"https:\/\/domachoc.com\/index.php\/wp-json\/wp\/v2\/media?parent=727"}],"wp:term":[{"taxonomy":"product_brand","embeddable":true,"href":"https:\/\/domachoc.com\/index.php\/wp-json\/wp\/v2\/product_brand?post=727"},{"taxonomy":"product_cat","embeddable":true,"href":"https:\/\/domachoc.com\/index.php\/wp-json\/wp\/v2\/product_cat?post=727"},{"taxonomy":"product_tag","embeddable":true,"href":"https:\/\/domachoc.com\/index.php\/wp-json\/wp\/v2\/product_tag?post=727"}],"curies":[{"name":"wp","href":"https:\/\/api.w.org\/{rel}","templated":true}]}}