{"id":646,"date":"2025-09-15T08:03:08","date_gmt":"2025-09-15T06:03:08","guid":{"rendered":"http:\/\/domachoc.com\/?post_type=product&#038;p=646"},"modified":"2025-09-15T08:14:07","modified_gmt":"2025-09-15T06:14:07","slug":"guitare-simple","status":"publish","type":"product","link":"https:\/\/domachoc.com\/index.php\/produit\/guitare-simple\/","title":{"rendered":"Guitare simple"},"content":{"rendered":"","protected":false},"excerpt":{"rendered":"<p>Guitare p\u00e2tissi\u00e8re simple pour d\u00e9coupe pralin\u00e9, ganache, p\u00e2te de fruits &#8230;<\/p>\n","protected":false},"featured_media":641,"template":"","meta":[],"product_brand":[],"product_cat":[50,59,55],"product_tag":[],"class_list":{"0":"post-646","1":"product","2":"type-product","3":"status-publish","4":"has-post-thumbnail","6":"product_cat-accessoires","7":"product_cat-bilait","8":"product_cat-tous-ateliers","10":"first","11":"instock","12":"virtual","13":"product-type-simple"},"_links":{"self":[{"href":"https:\/\/domachoc.com\/index.php\/wp-json\/wp\/v2\/product\/646","targetHints":{"allow":["GET"]}}],"collection":[{"href":"https:\/\/domachoc.com\/index.php\/wp-json\/wp\/v2\/product"}],"about":[{"href":"https:\/\/domachoc.com\/index.php\/wp-json\/wp\/v2\/types\/product"}],"wp:featuredmedia":[{"embeddable":true,"href":"https:\/\/domachoc.com\/index.php\/wp-json\/wp\/v2\/media\/641"}],"wp:attachment":[{"href":"https:\/\/domachoc.com\/index.php\/wp-json\/wp\/v2\/media?parent=646"}],"wp:term":[{"taxonomy":"product_brand","embeddable":true,"href":"https:\/\/domachoc.com\/index.php\/wp-json\/wp\/v2\/product_brand?post=646"},{"taxonomy":"product_cat","embeddable":true,"href":"https:\/\/domachoc.com\/index.php\/wp-json\/wp\/v2\/product_cat?post=646"},{"taxonomy":"product_tag","embeddable":true,"href":"https:\/\/domachoc.com\/index.php\/wp-json\/wp\/v2\/product_tag?post=646"}],"curies":[{"name":"wp","href":"https:\/\/api.w.org\/{rel}","templated":true}]}}