{"id":635,"date":"2025-09-15T07:45:18","date_gmt":"2025-09-15T05:45:18","guid":{"rendered":"http:\/\/domachoc.com\/?post_type=product&#038;p=635"},"modified":"2025-09-15T07:57:39","modified_gmt":"2025-09-15T05:57:39","slug":"plaque-chauffante","status":"publish","type":"product","link":"https:\/\/domachoc.com\/index.php\/produit\/plaque-chauffante\/","title":{"rendered":"Plaque Chauffante"},"content":{"rendered":"","protected":false},"excerpt":{"rendered":"<p>Plaque chauffante avec surface en verre tremp\u00e9 chauff\u00e9 \u00e9lectriquement, sp\u00e9cialement con\u00e7ue pour le travail du chocolat.<br \/>\nStructure en m\u00e9tal robuste.<\/p>\n","protected":false},"featured_media":636,"template":"","meta":[],"product_brand":[],"product_cat":[50,59,55],"product_tag":[],"class_list":{"0":"post-635","1":"product","2":"type-product","3":"status-publish","4":"has-post-thumbnail","6":"product_cat-accessoires","7":"product_cat-bilait","8":"product_cat-tous-ateliers","10":"first","11":"instock","12":"virtual","13":"product-type-simple"},"_links":{"self":[{"href":"https:\/\/domachoc.com\/index.php\/wp-json\/wp\/v2\/product\/635","targetHints":{"allow":["GET"]}}],"collection":[{"href":"https:\/\/domachoc.com\/index.php\/wp-json\/wp\/v2\/product"}],"about":[{"href":"https:\/\/domachoc.com\/index.php\/wp-json\/wp\/v2\/types\/product"}],"wp:featuredmedia":[{"embeddable":true,"href":"https:\/\/domachoc.com\/index.php\/wp-json\/wp\/v2\/media\/636"}],"wp:attachment":[{"href":"https:\/\/domachoc.com\/index.php\/wp-json\/wp\/v2\/media?parent=635"}],"wp:term":[{"taxonomy":"product_brand","embeddable":true,"href":"https:\/\/domachoc.com\/index.php\/wp-json\/wp\/v2\/product_brand?post=635"},{"taxonomy":"product_cat","embeddable":true,"href":"https:\/\/domachoc.com\/index.php\/wp-json\/wp\/v2\/product_cat?post=635"},{"taxonomy":"product_tag","embeddable":true,"href":"https:\/\/domachoc.com\/index.php\/wp-json\/wp\/v2\/product_tag?post=635"}],"curies":[{"name":"wp","href":"https:\/\/api.w.org\/{rel}","templated":true}]}}