{"id":621,"date":"2025-09-12T17:22:58","date_gmt":"2025-09-12T15:22:58","guid":{"rendered":"http:\/\/domachoc.com\/?post_type=product&#038;p=621"},"modified":"2025-09-12T17:31:28","modified_gmt":"2025-09-12T15:31:28","slug":"magic-temper-alpha","status":"publish","type":"product","link":"https:\/\/domachoc.com\/index.php\/produit\/magic-temper-alpha\/","title":{"rendered":"Magic Temper Alpha\u00ae"},"content":{"rendered":"","protected":false},"excerpt":{"rendered":"<p>Dernier n\u00e9 de la famille, le Magic Temper Alpha permet de temp\u00e9rer facilement par ensemencement (pour des productions journali\u00e8res jusqu&rsquo;\u00e0 70 kg).<\/p>\n","protected":false},"featured_media":632,"template":"","meta":[],"product_brand":[],"product_cat":[36,62,55],"product_tag":[],"class_list":{"0":"post-621","1":"product","2":"type-product","3":"status-publish","4":"has-post-thumbnail","6":"product_cat-reglage-technique","7":"product_cat-statice","8":"product_cat-tous-ateliers","10":"first","11":"instock","12":"virtual","13":"product-type-simple"},"_links":{"self":[{"href":"https:\/\/domachoc.com\/index.php\/wp-json\/wp\/v2\/product\/621","targetHints":{"allow":["GET"]}}],"collection":[{"href":"https:\/\/domachoc.com\/index.php\/wp-json\/wp\/v2\/product"}],"about":[{"href":"https:\/\/domachoc.com\/index.php\/wp-json\/wp\/v2\/types\/product"}],"wp:featuredmedia":[{"embeddable":true,"href":"https:\/\/domachoc.com\/index.php\/wp-json\/wp\/v2\/media\/632"}],"wp:attachment":[{"href":"https:\/\/domachoc.com\/index.php\/wp-json\/wp\/v2\/media?parent=621"}],"wp:term":[{"taxonomy":"product_brand","embeddable":true,"href":"https:\/\/domachoc.com\/index.php\/wp-json\/wp\/v2\/product_brand?post=621"},{"taxonomy":"product_cat","embeddable":true,"href":"https:\/\/domachoc.com\/index.php\/wp-json\/wp\/v2\/product_cat?post=621"},{"taxonomy":"product_tag","embeddable":true,"href":"https:\/\/domachoc.com\/index.php\/wp-json\/wp\/v2\/product_tag?post=621"}],"curies":[{"name":"wp","href":"https:\/\/api.w.org\/{rel}","templated":true}]}}