{"id":588,"date":"2025-09-12T17:03:14","date_gmt":"2025-09-12T15:03:14","guid":{"rendered":"http:\/\/domachoc.com\/?post_type=product&#038;p=588"},"modified":"2025-09-12T17:11:43","modified_gmt":"2025-09-12T15:11:43","slug":"exotherm-smart-2-0","status":"publish","type":"product","link":"https:\/\/domachoc.com\/index.php\/produit\/exotherm-smart-2-0\/","title":{"rendered":"Exotherm Smart 2.0"},"content":{"rendered":"","protected":false},"excerpt":{"rendered":"<p>Temperm\u00e8tre compact et pr\u00e9cis mesurant le taux de cristallisation via la courbe de refroidissement. Logiciel et imprimante int\u00e9gr\u00e9s pour le suivi qualit\u00e9 de votre chocolat.<\/p>\n","protected":false},"featured_media":595,"template":"","meta":[],"product_brand":[],"product_cat":[36,62,55],"product_tag":[],"class_list":{"0":"post-588","1":"product","2":"type-product","3":"status-publish","4":"has-post-thumbnail","6":"product_cat-reglage-technique","7":"product_cat-statice","8":"product_cat-tous-ateliers","10":"first","11":"instock","12":"virtual","13":"product-type-simple"},"_links":{"self":[{"href":"https:\/\/domachoc.com\/index.php\/wp-json\/wp\/v2\/product\/588","targetHints":{"allow":["GET"]}}],"collection":[{"href":"https:\/\/domachoc.com\/index.php\/wp-json\/wp\/v2\/product"}],"about":[{"href":"https:\/\/domachoc.com\/index.php\/wp-json\/wp\/v2\/types\/product"}],"wp:featuredmedia":[{"embeddable":true,"href":"https:\/\/domachoc.com\/index.php\/wp-json\/wp\/v2\/media\/595"}],"wp:attachment":[{"href":"https:\/\/domachoc.com\/index.php\/wp-json\/wp\/v2\/media?parent=588"}],"wp:term":[{"taxonomy":"product_brand","embeddable":true,"href":"https:\/\/domachoc.com\/index.php\/wp-json\/wp\/v2\/product_brand?post=588"},{"taxonomy":"product_cat","embeddable":true,"href":"https:\/\/domachoc.com\/index.php\/wp-json\/wp\/v2\/product_cat?post=588"},{"taxonomy":"product_tag","embeddable":true,"href":"https:\/\/domachoc.com\/index.php\/wp-json\/wp\/v2\/product_tag?post=588"}],"curies":[{"name":"wp","href":"https:\/\/api.w.org\/{rel}","templated":true}]}}