{"id":575,"date":"2025-09-12T16:57:54","date_gmt":"2025-09-12T14:57:54","guid":{"rendered":"http:\/\/domachoc.com\/?post_type=product&#038;p=575"},"modified":"2025-09-12T17:05:34","modified_gmt":"2025-09-12T15:05:34","slug":"magic-rheo","status":"publish","type":"product","link":"https:\/\/domachoc.com\/index.php\/produit\/magic-rheo\/","title":{"rendered":"Magic Rh\u00e9o\u00ae"},"content":{"rendered":"","protected":false},"excerpt":{"rendered":"<p>Le MAGIC RHEO permet de mesurer efficacement la viscosit\u00e9 ou la vitesse d\u2019\u00e9coulement des masses (chocolats, ganaches, fourrages) gr\u00e2ce \u00e0 une plaque inclin\u00e9e et thermostat\u00e9e.<\/p>\n","protected":false},"featured_media":576,"template":"","meta":[],"product_brand":[],"product_cat":[36,62,55],"product_tag":[],"class_list":{"0":"post-575","1":"product","2":"type-product","3":"status-publish","4":"has-post-thumbnail","6":"product_cat-reglage-technique","7":"product_cat-statice","8":"product_cat-tous-ateliers","10":"first","11":"instock","12":"virtual","13":"product-type-simple"},"_links":{"self":[{"href":"https:\/\/domachoc.com\/index.php\/wp-json\/wp\/v2\/product\/575","targetHints":{"allow":["GET"]}}],"collection":[{"href":"https:\/\/domachoc.com\/index.php\/wp-json\/wp\/v2\/product"}],"about":[{"href":"https:\/\/domachoc.com\/index.php\/wp-json\/wp\/v2\/types\/product"}],"wp:featuredmedia":[{"embeddable":true,"href":"https:\/\/domachoc.com\/index.php\/wp-json\/wp\/v2\/media\/576"}],"wp:attachment":[{"href":"https:\/\/domachoc.com\/index.php\/wp-json\/wp\/v2\/media?parent=575"}],"wp:term":[{"taxonomy":"product_brand","embeddable":true,"href":"https:\/\/domachoc.com\/index.php\/wp-json\/wp\/v2\/product_brand?post=575"},{"taxonomy":"product_cat","embeddable":true,"href":"https:\/\/domachoc.com\/index.php\/wp-json\/wp\/v2\/product_cat?post=575"},{"taxonomy":"product_tag","embeddable":true,"href":"https:\/\/domachoc.com\/index.php\/wp-json\/wp\/v2\/product_tag?post=575"}],"curies":[{"name":"wp","href":"https:\/\/api.w.org\/{rel}","templated":true}]}}