{"id":564,"date":"2025-09-12T16:46:55","date_gmt":"2025-09-12T14:46:55","guid":{"rendered":"http:\/\/domachoc.com\/?post_type=product&#038;p=564"},"modified":"2025-09-12T17:02:53","modified_gmt":"2025-09-12T15:02:53","slug":"magic-scan","status":"publish","type":"product","link":"https:\/\/domachoc.com\/index.php\/produit\/magic-scan\/","title":{"rendered":"Magic Scan\u00ae"},"content":{"rendered":"","protected":false},"excerpt":{"rendered":"<p>Le MAGIC SCAN, temperm\u00e8tre compact et robuste, permet aux chocolatiers de contr\u00f4ler la qualit\u00e9 du temp\u00e9rage avec un affichage en temps r\u00e9el sur tablette fournie.<\/p>\n","protected":false},"featured_media":565,"template":"","meta":[],"product_brand":[],"product_cat":[36,62,55],"product_tag":[],"class_list":{"0":"post-564","1":"product","2":"type-product","3":"status-publish","4":"has-post-thumbnail","6":"product_cat-reglage-technique","7":"product_cat-statice","8":"product_cat-tous-ateliers","10":"first","11":"instock","12":"virtual","13":"product-type-simple"},"_links":{"self":[{"href":"https:\/\/domachoc.com\/index.php\/wp-json\/wp\/v2\/product\/564","targetHints":{"allow":["GET"]}}],"collection":[{"href":"https:\/\/domachoc.com\/index.php\/wp-json\/wp\/v2\/product"}],"about":[{"href":"https:\/\/domachoc.com\/index.php\/wp-json\/wp\/v2\/types\/product"}],"wp:featuredmedia":[{"embeddable":true,"href":"https:\/\/domachoc.com\/index.php\/wp-json\/wp\/v2\/media\/565"}],"wp:attachment":[{"href":"https:\/\/domachoc.com\/index.php\/wp-json\/wp\/v2\/media?parent=564"}],"wp:term":[{"taxonomy":"product_brand","embeddable":true,"href":"https:\/\/domachoc.com\/index.php\/wp-json\/wp\/v2\/product_brand?post=564"},{"taxonomy":"product_cat","embeddable":true,"href":"https:\/\/domachoc.com\/index.php\/wp-json\/wp\/v2\/product_cat?post=564"},{"taxonomy":"product_tag","embeddable":true,"href":"https:\/\/domachoc.com\/index.php\/wp-json\/wp\/v2\/product_tag?post=564"}],"curies":[{"name":"wp","href":"https:\/\/api.w.org\/{rel}","templated":true}]}}