{"id":496,"date":"2025-09-12T15:33:09","date_gmt":"2025-09-12T13:33:09","guid":{"rendered":"http:\/\/domachoc.com\/?post_type=product&#038;p=496"},"modified":"2025-09-12T15:34:56","modified_gmt":"2025-09-12T13:34:56","slug":"tunnel-de-refroidissement-a-bande-de-42cm-lcm-420-ctb","status":"publish","type":"product","link":"https:\/\/domachoc.com\/index.php\/produit\/tunnel-de-refroidissement-a-bande-de-42cm-lcm-420-ctb\/","title":{"rendered":"Tunnel de refroidissement \u00e0 bande de 42cm | LCM 420 CTB"},"content":{"rendered":"","protected":false},"excerpt":{"rendered":"<p><span data-sheets-root=\"1\">Tunnel de refroidissement modulable \u00e9quip\u00e9 d&rsquo;une bande de 42 cm de large.<br \/>\nRefroidissement pr\u00e9cis, rapide et adapt\u00e9 \u00e0 vos besoins de production.<\/span><\/p>\n","protected":false},"featured_media":493,"template":"","meta":[],"product_brand":[66],"product_cat":[30,54,58,33],"product_tag":[],"class_list":{"0":"post-496","1":"product","2":"type-product","3":"status-publish","4":"has-post-thumbnail","6":"product_brand-lcm","7":"product_cat-chocolat","8":"product_cat-haute-capacite","9":"product_cat-lcm","10":"product_cat-tunnel-refroidissement","12":"first","13":"instock","14":"virtual","15":"product-type-simple"},"_links":{"self":[{"href":"https:\/\/domachoc.com\/index.php\/wp-json\/wp\/v2\/product\/496","targetHints":{"allow":["GET"]}}],"collection":[{"href":"https:\/\/domachoc.com\/index.php\/wp-json\/wp\/v2\/product"}],"about":[{"href":"https:\/\/domachoc.com\/index.php\/wp-json\/wp\/v2\/types\/product"}],"wp:featuredmedia":[{"embeddable":true,"href":"https:\/\/domachoc.com\/index.php\/wp-json\/wp\/v2\/media\/493"}],"wp:attachment":[{"href":"https:\/\/domachoc.com\/index.php\/wp-json\/wp\/v2\/media?parent=496"}],"wp:term":[{"taxonomy":"product_brand","embeddable":true,"href":"https:\/\/domachoc.com\/index.php\/wp-json\/wp\/v2\/product_brand?post=496"},{"taxonomy":"product_cat","embeddable":true,"href":"https:\/\/domachoc.com\/index.php\/wp-json\/wp\/v2\/product_cat?post=496"},{"taxonomy":"product_tag","embeddable":true,"href":"https:\/\/domachoc.com\/index.php\/wp-json\/wp\/v2\/product_tag?post=496"}],"curies":[{"name":"wp","href":"https:\/\/api.w.org\/{rel}","templated":true}]}}