{"id":487,"date":"2025-09-12T15:05:07","date_gmt":"2025-09-12T13:05:07","guid":{"rendered":"http:\/\/domachoc.com\/?post_type=product&#038;p=487"},"modified":"2025-09-12T15:17:49","modified_gmt":"2025-09-12T13:17:49","slug":"fondoir-a-chocolat-pompe-integree-200kg-lcm-200-m","status":"publish","type":"product","link":"https:\/\/domachoc.com\/index.php\/produit\/fondoir-a-chocolat-pompe-integree-200kg-lcm-200-m\/","title":{"rendered":"Fondoir \u00e0 chocolat pompe int\u00e9gr\u00e9e 200kg |\u00a0LCM 200 M"},"content":{"rendered":"","protected":false},"excerpt":{"rendered":"<p><span data-sheets-root=\"1\">Fondoir \u00e0 chocolat avec pompe int\u00e9gr\u00e9e 200kg pour un remplissage en permanence d&rsquo;une temp\u00e9reuse ou autre machine externe. <\/span><\/p>\n","protected":false},"featured_media":488,"template":"","meta":[],"product_brand":[66],"product_cat":[30,34,54,58],"product_tag":[69,71,70],"class_list":{"0":"post-487","1":"product","2":"type-product","3":"status-publish","4":"has-post-thumbnail","6":"product_brand-lcm","7":"product_cat-chocolat","8":"product_cat-fondoir","9":"product_cat-haute-capacite","10":"product_cat-lcm","11":"product_tag-chocolat","12":"product_tag-enrobeuse","13":"product_tag-lcm","15":"first","16":"instock","17":"virtual","18":"product-type-simple"},"_links":{"self":[{"href":"https:\/\/domachoc.com\/index.php\/wp-json\/wp\/v2\/product\/487","targetHints":{"allow":["GET"]}}],"collection":[{"href":"https:\/\/domachoc.com\/index.php\/wp-json\/wp\/v2\/product"}],"about":[{"href":"https:\/\/domachoc.com\/index.php\/wp-json\/wp\/v2\/types\/product"}],"wp:featuredmedia":[{"embeddable":true,"href":"https:\/\/domachoc.com\/index.php\/wp-json\/wp\/v2\/media\/488"}],"wp:attachment":[{"href":"https:\/\/domachoc.com\/index.php\/wp-json\/wp\/v2\/media?parent=487"}],"wp:term":[{"taxonomy":"product_brand","embeddable":true,"href":"https:\/\/domachoc.com\/index.php\/wp-json\/wp\/v2\/product_brand?post=487"},{"taxonomy":"product_cat","embeddable":true,"href":"https:\/\/domachoc.com\/index.php\/wp-json\/wp\/v2\/product_cat?post=487"},{"taxonomy":"product_tag","embeddable":true,"href":"https:\/\/domachoc.com\/index.php\/wp-json\/wp\/v2\/product_tag?post=487"}],"curies":[{"name":"wp","href":"https:\/\/api.w.org\/{rel}","templated":true}]}}