{"id":475,"date":"2025-09-12T14:08:00","date_gmt":"2025-09-12T12:08:00","guid":{"rendered":"http:\/\/domachoc.com\/?post_type=product&#038;p=475"},"modified":"2025-09-12T14:15:39","modified_gmt":"2025-09-12T12:15:39","slug":"enrobeuse-lcm-320-atc-p-2","status":"publish","type":"product","link":"https:\/\/domachoc.com\/index.php\/produit\/enrobeuse-lcm-320-atc-p-2\/","title":{"rendered":"Enrobeuse LCM 320 ATC\/P"},"content":{"rendered":"","protected":false},"excerpt":{"rendered":"<p><span data-sheets-root=\"1\">Enrobeuse \u00e0 chocolat \u00e9quip\u00e9e d&rsquo;une bande de 32cm de large avec temp\u00e9rage continu, enti\u00e8rement automatis\u00e9e, dot\u00e9e d\u2019une pompe interm\u00e9diaire.\u00a0<\/span><\/p>\n","protected":false},"featured_media":476,"template":"","meta":[],"product_brand":[66],"product_cat":[30,31,54,58],"product_tag":[69,71,70],"class_list":{"0":"post-475","1":"product","2":"type-product","3":"status-publish","4":"has-post-thumbnail","6":"product_brand-lcm","7":"product_cat-chocolat","8":"product_cat-enrobeuse","9":"product_cat-haute-capacite","10":"product_cat-lcm","11":"product_tag-chocolat","12":"product_tag-enrobeuse","13":"product_tag-lcm","15":"first","16":"instock","17":"virtual","18":"product-type-simple"},"_links":{"self":[{"href":"https:\/\/domachoc.com\/index.php\/wp-json\/wp\/v2\/product\/475","targetHints":{"allow":["GET"]}}],"collection":[{"href":"https:\/\/domachoc.com\/index.php\/wp-json\/wp\/v2\/product"}],"about":[{"href":"https:\/\/domachoc.com\/index.php\/wp-json\/wp\/v2\/types\/product"}],"wp:featuredmedia":[{"embeddable":true,"href":"https:\/\/domachoc.com\/index.php\/wp-json\/wp\/v2\/media\/476"}],"wp:attachment":[{"href":"https:\/\/domachoc.com\/index.php\/wp-json\/wp\/v2\/media?parent=475"}],"wp:term":[{"taxonomy":"product_brand","embeddable":true,"href":"https:\/\/domachoc.com\/index.php\/wp-json\/wp\/v2\/product_brand?post=475"},{"taxonomy":"product_cat","embeddable":true,"href":"https:\/\/domachoc.com\/index.php\/wp-json\/wp\/v2\/product_cat?post=475"},{"taxonomy":"product_tag","embeddable":true,"href":"https:\/\/domachoc.com\/index.php\/wp-json\/wp\/v2\/product_tag?post=475"}],"curies":[{"name":"wp","href":"https:\/\/api.w.org\/{rel}","templated":true}]}}