{"id":430,"date":"2025-09-12T13:44:12","date_gmt":"2025-09-12T11:44:12","guid":{"rendered":"http:\/\/domachoc.com\/?post_type=product&#038;p=430"},"modified":"2025-09-12T13:51:12","modified_gmt":"2025-09-12T11:51:12","slug":"enrobeuse-a-chocolat-lcm-180-atc-s","status":"publish","type":"product","link":"https:\/\/domachoc.com\/index.php\/produit\/enrobeuse-a-chocolat-lcm-180-atc-s\/","title":{"rendered":"Enrobeuse \u00e0 chocolat LCM 180 ATC\/S"},"content":{"rendered":"","protected":false},"excerpt":{"rendered":"<p><span data-sheets-root=\"1\">Enrobeuse \u00e0 chocolat avec temp\u00e9rage continu, enti\u00e8rement automatis\u00e9e, construction compacte.\u00a0<\/span><\/p>\n","protected":false},"featured_media":431,"template":"","meta":[],"product_brand":[66],"product_cat":[30,31,58,52],"product_tag":[69,71,70],"class_list":{"0":"post-430","1":"product","2":"type-product","3":"status-publish","4":"has-post-thumbnail","6":"product_brand-lcm","7":"product_cat-chocolat","8":"product_cat-enrobeuse","9":"product_cat-lcm","10":"product_cat-petits-ateliers","11":"product_tag-chocolat","12":"product_tag-enrobeuse","13":"product_tag-lcm","15":"first","16":"instock","17":"virtual","18":"product-type-simple"},"_links":{"self":[{"href":"https:\/\/domachoc.com\/index.php\/wp-json\/wp\/v2\/product\/430","targetHints":{"allow":["GET"]}}],"collection":[{"href":"https:\/\/domachoc.com\/index.php\/wp-json\/wp\/v2\/product"}],"about":[{"href":"https:\/\/domachoc.com\/index.php\/wp-json\/wp\/v2\/types\/product"}],"wp:featuredmedia":[{"embeddable":true,"href":"https:\/\/domachoc.com\/index.php\/wp-json\/wp\/v2\/media\/431"}],"wp:attachment":[{"href":"https:\/\/domachoc.com\/index.php\/wp-json\/wp\/v2\/media?parent=430"}],"wp:term":[{"taxonomy":"product_brand","embeddable":true,"href":"https:\/\/domachoc.com\/index.php\/wp-json\/wp\/v2\/product_brand?post=430"},{"taxonomy":"product_cat","embeddable":true,"href":"https:\/\/domachoc.com\/index.php\/wp-json\/wp\/v2\/product_cat?post=430"},{"taxonomy":"product_tag","embeddable":true,"href":"https:\/\/domachoc.com\/index.php\/wp-json\/wp\/v2\/product_tag?post=430"}],"curies":[{"name":"wp","href":"https:\/\/api.w.org\/{rel}","templated":true}]}}