{"id":426,"date":"2025-09-12T12:00:39","date_gmt":"2025-09-12T10:00:39","guid":{"rendered":"http:\/\/domachoc.com\/?post_type=product&#038;p=426"},"modified":"2025-09-12T13:36:46","modified_gmt":"2025-09-12T11:36:46","slug":"tempereuse-bar-a-chocolat-6-cuves-lcm-bar-choc","status":"publish","type":"product","link":"https:\/\/domachoc.com\/index.php\/produit\/tempereuse-bar-a-chocolat-6-cuves-lcm-bar-choc\/","title":{"rendered":"Temp\u00e9reuse &#8211; Bar \u00e0 chocolat (6 cuves) | LCM BAR CHOC"},"content":{"rendered":"","protected":false},"excerpt":{"rendered":"<p>Temp\u00e9reuse \u00e0 chocolat 6 cuves<\/p>\n","protected":false},"featured_media":427,"template":"","meta":[],"product_brand":[66],"product_cat":[30,58,32],"product_tag":[69,71,70],"class_list":{"0":"post-426","1":"product","2":"type-product","3":"status-publish","4":"has-post-thumbnail","6":"product_brand-lcm","7":"product_cat-chocolat","8":"product_cat-lcm","9":"product_cat-tempereuse","10":"product_tag-chocolat","11":"product_tag-enrobeuse","12":"product_tag-lcm","14":"first","15":"instock","16":"virtual","17":"product-type-simple"},"_links":{"self":[{"href":"https:\/\/domachoc.com\/index.php\/wp-json\/wp\/v2\/product\/426","targetHints":{"allow":["GET"]}}],"collection":[{"href":"https:\/\/domachoc.com\/index.php\/wp-json\/wp\/v2\/product"}],"about":[{"href":"https:\/\/domachoc.com\/index.php\/wp-json\/wp\/v2\/types\/product"}],"wp:featuredmedia":[{"embeddable":true,"href":"https:\/\/domachoc.com\/index.php\/wp-json\/wp\/v2\/media\/427"}],"wp:attachment":[{"href":"https:\/\/domachoc.com\/index.php\/wp-json\/wp\/v2\/media?parent=426"}],"wp:term":[{"taxonomy":"product_brand","embeddable":true,"href":"https:\/\/domachoc.com\/index.php\/wp-json\/wp\/v2\/product_brand?post=426"},{"taxonomy":"product_cat","embeddable":true,"href":"https:\/\/domachoc.com\/index.php\/wp-json\/wp\/v2\/product_cat?post=426"},{"taxonomy":"product_tag","embeddable":true,"href":"https:\/\/domachoc.com\/index.php\/wp-json\/wp\/v2\/product_tag?post=426"}],"curies":[{"name":"wp","href":"https:\/\/api.w.org\/{rel}","templated":true}]}}