{"id":424,"date":"2025-09-12T11:51:44","date_gmt":"2025-09-12T09:51:44","guid":{"rendered":"http:\/\/domachoc.com\/?post_type=product&#038;p=424"},"modified":"2025-09-12T11:58:05","modified_gmt":"2025-09-12T09:58:05","slug":"tempereuse-a-chocolat-en-cascade-lcm-twin-temper-cas-80-at","status":"publish","type":"product","link":"https:\/\/domachoc.com\/index.php\/produit\/tempereuse-a-chocolat-en-cascade-lcm-twin-temper-cas-80-at\/","title":{"rendered":"Temp\u00e9reuse \u00e0 chocolat en cascade | LCM TWIN TEMPER CAS. 80 AT"},"content":{"rendered":"","protected":false},"excerpt":{"rendered":"<p><span data-sheets-root=\"1\">Temp\u00e9reuse \u00e0 chocolat avec temp\u00e9rage continu, enti\u00e8rement automatis\u00e9e, construction en cascade.<\/span><\/p>\n","protected":false},"featured_media":422,"template":"","meta":[],"product_brand":[66],"product_cat":[30,54,58,32],"product_tag":[69,71,70],"class_list":{"0":"post-424","1":"product","2":"type-product","3":"status-publish","4":"has-post-thumbnail","6":"product_brand-lcm","7":"product_cat-chocolat","8":"product_cat-haute-capacite","9":"product_cat-lcm","10":"product_cat-tempereuse","11":"product_tag-chocolat","12":"product_tag-enrobeuse","13":"product_tag-lcm","15":"first","16":"instock","17":"virtual","18":"product-type-simple"},"_links":{"self":[{"href":"https:\/\/domachoc.com\/index.php\/wp-json\/wp\/v2\/product\/424","targetHints":{"allow":["GET"]}}],"collection":[{"href":"https:\/\/domachoc.com\/index.php\/wp-json\/wp\/v2\/product"}],"about":[{"href":"https:\/\/domachoc.com\/index.php\/wp-json\/wp\/v2\/types\/product"}],"wp:featuredmedia":[{"embeddable":true,"href":"https:\/\/domachoc.com\/index.php\/wp-json\/wp\/v2\/media\/422"}],"wp:attachment":[{"href":"https:\/\/domachoc.com\/index.php\/wp-json\/wp\/v2\/media?parent=424"}],"wp:term":[{"taxonomy":"product_brand","embeddable":true,"href":"https:\/\/domachoc.com\/index.php\/wp-json\/wp\/v2\/product_brand?post=424"},{"taxonomy":"product_cat","embeddable":true,"href":"https:\/\/domachoc.com\/index.php\/wp-json\/wp\/v2\/product_cat?post=424"},{"taxonomy":"product_tag","embeddable":true,"href":"https:\/\/domachoc.com\/index.php\/wp-json\/wp\/v2\/product_tag?post=424"}],"curies":[{"name":"wp","href":"https:\/\/api.w.org\/{rel}","templated":true}]}}