{"id":410,"date":"2025-09-12T11:32:01","date_gmt":"2025-09-12T09:32:01","guid":{"rendered":"http:\/\/domachoc.com\/?post_type=product&#038;p=410"},"modified":"2025-09-12T11:42:06","modified_gmt":"2025-09-12T09:42:06","slug":"tempereuse-a-chocolat-12kg-bilait-adam-k12","status":"publish","type":"product","link":"https:\/\/domachoc.com\/index.php\/produit\/tempereuse-a-chocolat-12kg-bilait-adam-k12\/","title":{"rendered":"Temp\u00e9reuse \u00e0 chocolat 12kg |\u00a0BILAIT Adam K12"},"content":{"rendered":"","protected":false},"excerpt":{"rendered":"<p><span data-sheets-root=\"1\">Compacte, polyvalente et intuitive, la temp\u00e9reuse Adam K12 offre une capacit\u00e9 de 12 kg. Id\u00e9ale pour les petits espaces, elle garantit une cristallisation parfaite et un nettoyage rapide, le tout avec un excellent rapport qualit\u00e9\/prix.<\/span><\/p>\n","protected":false},"featured_media":411,"template":"","meta":[],"product_brand":[64],"product_cat":[59,30,52,32],"product_tag":[69,71,70],"class_list":{"0":"post-410","1":"product","2":"type-product","3":"status-publish","4":"has-post-thumbnail","6":"product_brand-bilait","7":"product_cat-bilait","8":"product_cat-chocolat","9":"product_cat-petits-ateliers","10":"product_cat-tempereuse","11":"product_tag-chocolat","12":"product_tag-enrobeuse","13":"product_tag-lcm","15":"first","16":"instock","17":"virtual","18":"product-type-simple"},"_links":{"self":[{"href":"https:\/\/domachoc.com\/index.php\/wp-json\/wp\/v2\/product\/410","targetHints":{"allow":["GET"]}}],"collection":[{"href":"https:\/\/domachoc.com\/index.php\/wp-json\/wp\/v2\/product"}],"about":[{"href":"https:\/\/domachoc.com\/index.php\/wp-json\/wp\/v2\/types\/product"}],"wp:featuredmedia":[{"embeddable":true,"href":"https:\/\/domachoc.com\/index.php\/wp-json\/wp\/v2\/media\/411"}],"wp:attachment":[{"href":"https:\/\/domachoc.com\/index.php\/wp-json\/wp\/v2\/media?parent=410"}],"wp:term":[{"taxonomy":"product_brand","embeddable":true,"href":"https:\/\/domachoc.com\/index.php\/wp-json\/wp\/v2\/product_brand?post=410"},{"taxonomy":"product_cat","embeddable":true,"href":"https:\/\/domachoc.com\/index.php\/wp-json\/wp\/v2\/product_cat?post=410"},{"taxonomy":"product_tag","embeddable":true,"href":"https:\/\/domachoc.com\/index.php\/wp-json\/wp\/v2\/product_tag?post=410"}],"curies":[{"name":"wp","href":"https:\/\/api.w.org\/{rel}","templated":true}]}}