{"id":385,"date":"2025-09-12T09:50:05","date_gmt":"2025-09-12T07:50:05","guid":{"rendered":"http:\/\/domachoc.com\/?post_type=product&#038;p=385"},"modified":"2025-09-12T11:21:23","modified_gmt":"2025-09-12T09:21:23","slug":"tempereuse-a-chocolat-50kg-lcm-50-at","status":"publish","type":"product","link":"https:\/\/domachoc.com\/index.php\/produit\/tempereuse-a-chocolat-50kg-lcm-50-at\/","title":{"rendered":"Temp\u00e9reuse \u00e0 chocolat 50kg |\u00a0LCM 50 AT"},"content":{"rendered":"","protected":false},"excerpt":{"rendered":"<p>Temp\u00e9reuse \u00e0 chocolat 50kg avec temp\u00e9rage continu, enti\u00e8rement automatis\u00e9e<\/p>\n","protected":false},"featured_media":400,"template":"","meta":[],"product_brand":[66],"product_cat":[30,58,53,32],"product_tag":[69,71,70],"class_list":{"0":"post-385","1":"product","2":"type-product","3":"status-publish","4":"has-post-thumbnail","6":"product_brand-lcm","7":"product_cat-chocolat","8":"product_cat-lcm","9":"product_cat-productions-moyennes","10":"product_cat-tempereuse","11":"product_tag-chocolat","12":"product_tag-enrobeuse","13":"product_tag-lcm","15":"first","16":"instock","17":"virtual","18":"product-type-simple"},"_links":{"self":[{"href":"https:\/\/domachoc.com\/index.php\/wp-json\/wp\/v2\/product\/385","targetHints":{"allow":["GET"]}}],"collection":[{"href":"https:\/\/domachoc.com\/index.php\/wp-json\/wp\/v2\/product"}],"about":[{"href":"https:\/\/domachoc.com\/index.php\/wp-json\/wp\/v2\/types\/product"}],"wp:featuredmedia":[{"embeddable":true,"href":"https:\/\/domachoc.com\/index.php\/wp-json\/wp\/v2\/media\/400"}],"wp:attachment":[{"href":"https:\/\/domachoc.com\/index.php\/wp-json\/wp\/v2\/media?parent=385"}],"wp:term":[{"taxonomy":"product_brand","embeddable":true,"href":"https:\/\/domachoc.com\/index.php\/wp-json\/wp\/v2\/product_brand?post=385"},{"taxonomy":"product_cat","embeddable":true,"href":"https:\/\/domachoc.com\/index.php\/wp-json\/wp\/v2\/product_cat?post=385"},{"taxonomy":"product_tag","embeddable":true,"href":"https:\/\/domachoc.com\/index.php\/wp-json\/wp\/v2\/product_tag?post=385"}],"curies":[{"name":"wp","href":"https:\/\/api.w.org\/{rel}","templated":true}]}}