{"id":363,"date":"2025-09-12T09:01:05","date_gmt":"2025-09-12T07:01:05","guid":{"rendered":"http:\/\/domachoc.com\/?post_type=product&#038;p=363"},"modified":"2025-09-12T09:37:27","modified_gmt":"2025-09-12T07:37:27","slug":"tempereuse-a-chocolat-25kg-lcm-25-at-2","status":"publish","type":"product","link":"https:\/\/domachoc.com\/index.php\/produit\/tempereuse-a-chocolat-25kg-lcm-25-at-2\/","title":{"rendered":"Temp\u00e9reuse \u00e0 chocolat 25kg | LCM 25 AT"},"content":{"rendered":"","protected":false},"excerpt":{"rendered":"<p>Temp\u00e9reuse \u00e0 chocolat 25kg avec temp\u00e9rage continu, enti\u00e8rement automatis\u00e9e. <\/p>\n","protected":false},"featured_media":364,"template":"","meta":[],"product_brand":[66],"product_cat":[30,58,52,32],"product_tag":[69,71,70],"class_list":{"0":"post-363","1":"product","2":"type-product","3":"status-publish","4":"has-post-thumbnail","6":"product_brand-lcm","7":"product_cat-chocolat","8":"product_cat-lcm","9":"product_cat-petits-ateliers","10":"product_cat-tempereuse","11":"product_tag-chocolat","12":"product_tag-enrobeuse","13":"product_tag-lcm","15":"first","16":"instock","17":"virtual","18":"product-type-simple"},"_links":{"self":[{"href":"https:\/\/domachoc.com\/index.php\/wp-json\/wp\/v2\/product\/363","targetHints":{"allow":["GET"]}}],"collection":[{"href":"https:\/\/domachoc.com\/index.php\/wp-json\/wp\/v2\/product"}],"about":[{"href":"https:\/\/domachoc.com\/index.php\/wp-json\/wp\/v2\/types\/product"}],"wp:featuredmedia":[{"embeddable":true,"href":"https:\/\/domachoc.com\/index.php\/wp-json\/wp\/v2\/media\/364"}],"wp:attachment":[{"href":"https:\/\/domachoc.com\/index.php\/wp-json\/wp\/v2\/media?parent=363"}],"wp:term":[{"taxonomy":"product_brand","embeddable":true,"href":"https:\/\/domachoc.com\/index.php\/wp-json\/wp\/v2\/product_brand?post=363"},{"taxonomy":"product_cat","embeddable":true,"href":"https:\/\/domachoc.com\/index.php\/wp-json\/wp\/v2\/product_cat?post=363"},{"taxonomy":"product_tag","embeddable":true,"href":"https:\/\/domachoc.com\/index.php\/wp-json\/wp\/v2\/product_tag?post=363"}],"curies":[{"name":"wp","href":"https:\/\/api.w.org\/{rel}","templated":true}]}}