{"id":1233,"date":"2025-10-15T17:36:24","date_gmt":"2025-10-15T15:36:24","guid":{"rendered":"https:\/\/domachoc.com\/?post_type=product&#038;p=1233"},"modified":"2025-11-13T09:44:59","modified_gmt":"2025-11-13T08:44:59","slug":"pistolet-hp30","status":"publish","type":"product","link":"https:\/\/domachoc.com\/index.php\/produit\/pistolet-hp30\/","title":{"rendered":"Pistolet HP30"},"content":{"rendered":"","protected":false},"excerpt":{"rendered":"<p>Le pistolet manuel de pulv\u00e9risation HP 30 a \u00e9t\u00e9 con\u00e7u pour des applications avec des produits sous pression. Gr\u00e2ce \u00e0 une large gamme de buses d\u2018air, il peut \u00eatre utilis\u00e9 avec pratiquement tous les produits. La conception bien pens\u00e9e assure des temps d\u2019\u00e9quipement courts, une efficacit\u00e9 maximale, une durabilit\u00e9 \u00e9lev\u00e9e qui refl\u00e8te la haute qualit\u00e9 du produit. Le pistolet manuel de pulv\u00e9risation HP 30 b\u00e9n\u00e9ficie d\u2019une ergonomie sophistiqu\u00e9e et son faible poids permet de longues phases de travail sans fatigue. <\/p>\n","protected":false},"featured_media":1235,"template":"","meta":[],"product_brand":[],"product_cat":[49,121,120],"product_tag":[],"class_list":{"0":"post-1233","1":"product","2":"type-product","3":"status-publish","4":"has-post-thumbnail","6":"product_cat-flocage","7":"product_cat-krautzberger","8":"product_cat-pistolets-krautzberger","10":"first","11":"instock","12":"virtual","13":"product-type-simple"},"_links":{"self":[{"href":"https:\/\/domachoc.com\/index.php\/wp-json\/wp\/v2\/product\/1233","targetHints":{"allow":["GET"]}}],"collection":[{"href":"https:\/\/domachoc.com\/index.php\/wp-json\/wp\/v2\/product"}],"about":[{"href":"https:\/\/domachoc.com\/index.php\/wp-json\/wp\/v2\/types\/product"}],"wp:featuredmedia":[{"embeddable":true,"href":"https:\/\/domachoc.com\/index.php\/wp-json\/wp\/v2\/media\/1235"}],"wp:attachment":[{"href":"https:\/\/domachoc.com\/index.php\/wp-json\/wp\/v2\/media?parent=1233"}],"wp:term":[{"taxonomy":"product_brand","embeddable":true,"href":"https:\/\/domachoc.com\/index.php\/wp-json\/wp\/v2\/product_brand?post=1233"},{"taxonomy":"product_cat","embeddable":true,"href":"https:\/\/domachoc.com\/index.php\/wp-json\/wp\/v2\/product_cat?post=1233"},{"taxonomy":"product_tag","embeddable":true,"href":"https:\/\/domachoc.com\/index.php\/wp-json\/wp\/v2\/product_tag?post=1233"}],"curies":[{"name":"wp","href":"https:\/\/api.w.org\/{rel}","templated":true}]}}