{"id":1225,"date":"2025-10-15T17:28:20","date_gmt":"2025-10-15T15:28:20","guid":{"rendered":"https:\/\/domachoc.com\/?post_type=product&#038;p=1225"},"modified":"2025-11-13T09:45:12","modified_gmt":"2025-11-13T08:45:12","slug":"petit-pistolet-mignon-4s","status":"publish","type":"product","link":"https:\/\/domachoc.com\/index.php\/produit\/petit-pistolet-mignon-4s\/","title":{"rendered":"Petit pistolet Mignon 4S"},"content":{"rendered":"","protected":false},"excerpt":{"rendered":"<p>Le Mignon 4 dispose du nouveau syst\u00e8me de buse XLINE. Sa forme ergonomique et compacte, son faible poids et le grand choix de buses font du Mignon 4 un pistolet manuel universel. Le Mignon4 S est aliment\u00e9 en mat\u00e9riau par une coupelle d&rsquo;\u00e9coulement. La r\u00e9gulation de la quantit\u00e9 de produit par le r\u00e9glage de la course de l&rsquo;aiguille avec contre-\u00e9crou permet un dosage fin et progressif.<\/p>\n","protected":false},"featured_media":1231,"template":"","meta":[],"product_brand":[],"product_cat":[49,121,120],"product_tag":[],"class_list":{"0":"post-1225","1":"product","2":"type-product","3":"status-publish","4":"has-post-thumbnail","6":"product_cat-flocage","7":"product_cat-krautzberger","8":"product_cat-pistolets-krautzberger","10":"first","11":"instock","12":"virtual","13":"product-type-simple"},"_links":{"self":[{"href":"https:\/\/domachoc.com\/index.php\/wp-json\/wp\/v2\/product\/1225","targetHints":{"allow":["GET"]}}],"collection":[{"href":"https:\/\/domachoc.com\/index.php\/wp-json\/wp\/v2\/product"}],"about":[{"href":"https:\/\/domachoc.com\/index.php\/wp-json\/wp\/v2\/types\/product"}],"wp:featuredmedia":[{"embeddable":true,"href":"https:\/\/domachoc.com\/index.php\/wp-json\/wp\/v2\/media\/1231"}],"wp:attachment":[{"href":"https:\/\/domachoc.com\/index.php\/wp-json\/wp\/v2\/media?parent=1225"}],"wp:term":[{"taxonomy":"product_brand","embeddable":true,"href":"https:\/\/domachoc.com\/index.php\/wp-json\/wp\/v2\/product_brand?post=1225"},{"taxonomy":"product_cat","embeddable":true,"href":"https:\/\/domachoc.com\/index.php\/wp-json\/wp\/v2\/product_cat?post=1225"},{"taxonomy":"product_tag","embeddable":true,"href":"https:\/\/domachoc.com\/index.php\/wp-json\/wp\/v2\/product_tag?post=1225"}],"curies":[{"name":"wp","href":"https:\/\/api.w.org\/{rel}","templated":true}]}}